{"id":1124,"date":"2020-02-05T11:04:28","date_gmt":"2020-02-05T11:04:28","guid":{"rendered":"https:\/\/www.a-sukitus.fi\/?page_id=1124"},"modified":"2025-03-14T12:38:51","modified_gmt":"2025-03-14T12:38:51","slug":"referenssit","status":"publish","type":"page","link":"https:\/\/www.a-sukitus.fi\/?page_id=1124","title":{"rendered":"Referenssit"},"content":{"rendered":"[vc_row type=&#8221;full_width_background&#8221; full_screen_row_position=&#8221;middle&#8221; bg_image=&#8221;919&#8243; bg_position=&#8221;center center&#8221; bg_repeat=&#8221;no-repeat&#8221; parallax_bg=&#8221;true&#8221; parallax_bg_speed=&#8221;fast&#8221; scene_position=&#8221;center&#8221; text_color=&#8221;light&#8221; text_align=&#8221;left&#8221; top_padding=&#8221;18%&#8221; bottom_padding=&#8221;18%&#8221; id=&#8221;about&#8221; color_overlay=&#8221;#0a0a0a&#8221; overlay_strength=&#8221;0.5&#8243; shape_divider_position=&#8221;bottom&#8221; shape_type=&#8221;&#8221;][vc_column centered_text=&#8221;true&#8221; column_padding=&#8221;no-extra-padding&#8221; column_padding_position=&#8221;all&#8221; background_color_opacity=&#8221;1&#8243; background_hover_color_opacity=&#8221;1&#8243; column_shadow=&#8221;none&#8221; column_border_radius=&#8221;none&#8221; width=&#8221;1\/1&#8243; tablet_text_alignment=&#8221;default&#8221; phone_text_alignment=&#8221;default&#8221; column_border_width=&#8221;none&#8221; column_border_style=&#8221;solid&#8221;][split_line_heading]\n<h1>REFERENSSIT<\/h1>\n[\/split_line_heading][split_line_heading]\n<h6>Toteutamme vaativia kohteita kaikkialla Suomessa.<\/h6>\n[\/split_line_heading][\/vc_column][\/vc_row]\n\n\n\n<p><\/p>\n\n\n\n<div style=\"height:100px\" aria-hidden=\"true\" class=\"wp-block-spacer\"><\/div>\n\n\n\n<h3 class=\"wp-block-heading\">Jyv\u00e4skyl\u00e4<\/h3>\n\n\n\n<ul class=\"wp-block-list\">\n<li><strong>As Oy&nbsp;J\u00e4rvisauma<\/strong><br>2&nbsp;kerrostaloa pohjaviem\u00e4rit<\/li>\n\n\n\n<li><strong>Omakotitalo Lohikoski<\/strong><br>kellarikerroksen viem\u00e4reiden sukitus<\/li>\n\n\n\n<li><strong>As Oy Haapakoti<\/strong><br>14 tuuletusviem\u00e4rin sukitus<\/li>\n\n\n\n<li><strong>Takalankuja 6<\/strong><br>2 kerrostalon sadevesiviem\u00e4reiden sukitus<\/li>\n\n\n\n<li><strong>Scandic Jyv\u00e4skyl\u00e4<\/strong><br>pohjaviem\u00e4rin sukitus<\/li>\n\n\n\n<li><strong>As Oy K\u00e4s\u00e4l\u00e4 6<\/strong><br>rivitalo 6 asuntoa<\/li>\n\n\n\n<li><strong>As Oy Satotatti<\/strong><br>40 huoneistoisen&nbsp;kerrostalon kaikkien&nbsp;viem\u00e4reiden ja&nbsp;sadevesiviem\u00e4reiden sukitus<\/li>\n\n\n\n<li><strong>Kilpisen koulu<\/strong><br>viem\u00e4reiden sukitukset<\/li>\n\n\n\n<li><strong>Kauppakatu 14<\/strong><br>36 huoneistoisen kerrostalon koko sukitus<\/li>\n\n\n\n<li><strong>Kauppakatu 3<\/strong><br>36 asuntoisen kerrostalon kaikkien viem\u00e4reiden sukitus<\/li>\n\n\n\n<li><strong>As Oy Kangastasku<\/strong><br>22 asuntoisen kerrostalon kaikkien sade- ja j\u00e4tevesiviem\u00e4reiden sukitus<\/li>\n\n\n\n<li><strong>Kuopiontie 4-6<\/strong><br>36 asuntoisen kerrostalon kaikkien viem\u00e4reiden sukitus<\/li>\n\n\n\n<li><strong>Valmet<\/strong><br>pohja- ja sadevesiviem\u00e4reiden sukituksia<\/li>\n\n\n\n<li><strong>Kolikkotie 5<\/strong><br>44 huoneistoisen kerrostalon kaikkien viem\u00e4reiden sukitus<\/li>\n\n\n\n<li><strong>Hannikaisenkatu 27-29<\/strong><br>kerrostalon kaikkien sadevesiviem\u00e4reiden sukitus, j\u00e4tevesiviem\u00e4reiden osittainen sukitus<\/li>\n\n\n\n<li><strong>Takalankuja 6<\/strong><br>2 kerrostalon sadevesiviem\u00e4reiden sukitus<\/li>\n\n\n\n<li>&nbsp;<strong>As Oy Satotatti<\/strong><br>40 huoneiston kerrostalon viem\u00e4reiden ja sadevesiviem\u00e4reiden sukitus<\/li>\n\n\n\n<li><strong>Kivikyl\u00e4ntie 39 ja 40<\/strong><br>36 huoneiston kerrostalon sukitus sadevedet ja viem\u00e4rit<\/li>\n\n\n\n<li><strong>Korpilanhden Myllyrinne<\/strong><br>35 asuntoisen kerrostalon kaikki viem\u00e4rit<\/li>\n\n\n\n<li><strong>Em\u00e4nn\u00e4ntie 19<\/strong><br>30 asuntoinen kerrostalo\/rivitalo<\/li>\n\n\n\n<li><strong>Halssilan kotiharju<\/strong><br>22 asuntoinen rivitalo<\/li>\n<\/ul>\n\n\n\n<h3 class=\"wp-block-heading\">J\u00e4ms\u00e4<\/h3>\n\n\n\n<ul class=\"wp-block-list\">\n<li><strong><strong>Talvialantie 10 \/ Tippakuja 1<\/strong><\/strong><br>kahden kerrostalon 75 huoneiston kaikkien viem\u00e4reiden sukitus<\/li>\n<\/ul>\n\n\n\n<h3 class=\"wp-block-heading\">Helsinki<\/h3>\n\n\n\n<ul class=\"wp-block-list\">\n<li><strong>As Oy&nbsp;Luoteisv\u00e4yl\u00e4 21<\/strong><br>3&nbsp;huoneistoinen rivitalo 3 kerroksessa&nbsp;koko sukitus,&nbsp;j\u00e4teviem\u00e4rit,&nbsp;sadevesiviem\u00e4rit ja tonttiviem\u00e4ri<\/li>\n\n\n\n<li><strong>As Oy Huvilatontit<\/strong><br>5 rivitalon viem\u00e4reiden sukitus<\/li>\n\n\n\n<li><strong>As Oy Nero<\/strong><br>Pohjaviem\u00e4reiden ja tuuletusten sukitus<\/li>\n\n\n\n<li><strong>As Oy Vaahtorinne Helsinki<\/strong><br>2 kerrostalon viem\u00e4reiden sukitus<\/li>\n\n\n\n<li><strong>Laajasuontie 16-22<\/strong><br>4 kerrostalon pohjaviem\u00e4reiden ja tuuletusviem\u00e4reiden sukitus<\/li>\n\n\n\n<li><strong>Rantakartanontie 11<\/strong><br>pohjaviem\u00e4reiden- ja tuuletusten sukitus<\/li>\n\n\n\n<li><strong>As Oy Myyrinketo<\/strong><br>2 kerrostalon sukitus<\/li>\n\n\n\n<li><strong>Suomen Kansallisooppera<\/strong><br>3,5 km sukitettuja viem\u00e4reit\u00e4<\/li>\n<\/ul>\n\n\n\n<h3 class=\"wp-block-heading\">Espoo<\/h3>\n\n\n\n<ul class=\"wp-block-list\">\n<li><strong>As Oy Mervilax<\/strong><br>2 kerrostaloa: pohjaviem\u00e4rit ja tuuletukset<\/li>\n\n\n\n<li><strong>Pitk\u00e4kalliontie 11<\/strong><br>2&nbsp;kerrostaloa: kaikki pohjaviem\u00e4rit, keitti\u00f6iden pystyviem\u00e4rit ja haarat<\/li>\n\n\n\n<li><strong>Aapelinkatu 9<\/strong><br>viiden kerrostalon kaikkien pohja- ja sadevesiviem\u00e4reiden, sek\u00e4 tonttiviem\u00e4reiden sukitus<\/li>\n\n\n\n<li><strong>Soukanahde 7<\/strong><br>kaikkien pihaviem\u00e4reiden sukitus<\/li>\n\n\n\n<li><strong>Kivenlahdenkatu 4<\/strong><\/li>\n<\/ul>\n\n\n\n<h3 class=\"wp-block-heading\">Kauniainen<\/h3>\n\n\n\n<ul class=\"wp-block-list\">\n<li><strong>As Oy Urheilutien Salpa<\/strong><br>5 kerrostalon pohjaviem\u00e4rit<\/li>\n<\/ul>\n\n\n\n<h3 class=\"wp-block-heading\">Kuopio<\/h3>\n\n\n\n<ul class=\"wp-block-list\">\n<li><strong>Kullervonkatu 31<\/strong><br>75 asuntoinen kerrostalo<\/li>\n\n\n\n<li><strong>Inkil\u00e4nm\u00e4enkatu 23<\/strong><br>90 asuntoinen kerrostalo, koko sukitus<\/li>\n<\/ul>\n\n\n\n<h3 class=\"wp-block-heading\">Vantaa<\/h3>\n\n\n\n<ul class=\"wp-block-list\">\n<li><strong>As Oy Myyrinketo<\/strong><br>2 kerrostalon pohjaviem\u00e4reiden sukitus<\/li>\n\n\n\n<li><strong>Hepokuja 9<\/strong><br>viem\u00e4reiden sukitus<\/li>\n\n\n\n<li><strong>J\u00f6nsaksenpolku 4<\/strong><\/li>\n\n\n\n<li><strong>L\u00f6yd\u00f6stie <\/strong>1<\/li>\n<\/ul>\n\n\n\n<h3 class=\"wp-block-heading\">Saarij\u00e4rvi<\/h3>\n\n\n\n<ul class=\"wp-block-list\">\n<li><strong>Saarij\u00e4rven&nbsp;Ostoskeskus Oy<\/strong><br>koko&nbsp;kerrostalon kaikkien viem\u00e4reiden&nbsp;sukitukset<\/li>\n\n\n\n<li><strong>Myllytie 4<\/strong><br>18 asuntoisen kerrostalon sukitus<\/li>\n\n\n\n<li><strong>As Oy Saarij\u00e4rven Puistotalo<\/strong><br>18 asuntoisen kerrostalon sukitus<\/li>\n<\/ul>\n\n\n\n<h3 class=\"wp-block-heading\">Siilinj\u00e4rvi<\/h3>\n\n\n\n<ul class=\"wp-block-list\">\n<li><strong>Salmintie 13<\/strong><br>viem\u00e4reiden sukitus<\/li>\n<\/ul>\n\n\n\n<h3 class=\"wp-block-heading\">Tikkakoski<\/h3>\n\n\n\n<ul class=\"wp-block-list\">\n<li><strong><strong>Kivikyl\u00e4ntie 39 ja 40<\/strong><\/strong><br>36 huoneistoisen kerrostalon koko sukitus sadevedet ja viem\u00e4rit<\/li>\n<\/ul>\n\n\n\n<h3 class=\"wp-block-heading\">\u00c4\u00e4nekoski<\/h3>\n\n\n\n<ul class=\"wp-block-list\">\n<li><strong><strong>V\u00e4in\u00e4m\u00f6nkatu 6<\/strong><\/strong><br>18 asuntoisen kerrostalon koko sukitus<\/li>\n<\/ul>\n\n\n\n<h3 class=\"wp-block-heading\">Pieks\u00e4m\u00e4ki<\/h3>\n\n\n\n<ul class=\"wp-block-list\">\n<li><strong><strong>Kuopiontie 4-10<\/strong><\/strong><br>36 asuntoisen kerrostalon kaikkien viem\u00e4reiden sukitus<\/li>\n\n\n\n<li><strong>Kentt\u00e4katu 13<\/strong><br>viem\u00e4reiden sukitus<\/li>\n<\/ul>\n\n\n\n<p><\/p>\n","protected":false},"excerpt":{"rendered":"<p>Jyv\u00e4skyl\u00e4 J\u00e4ms\u00e4 Helsinki Espoo Kauniainen Kuopio Vantaa Saarij\u00e4rvi Siilinj\u00e4rvi Tikkakoski \u00c4\u00e4nekoski Pieks\u00e4m\u00e4ki<\/p>\n","protected":false},"author":3,"featured_media":0,"parent":0,"menu_order":0,"comment_status":"closed","ping_status":"closed","template":"","meta":{"footnotes":""},"class_list":["post-1124","page","type-page","status-publish"],"yoast_head":"<!-- This site is optimized with the Yoast SEO plugin v24.9 - https:\/\/yoast.com\/wordpress\/plugins\/seo\/ -->\n<title>Referenssit - A-sukitus<\/title>\n<meta name=\"description\" content=\"Annamme 15 vuoden vuotamattomuustakuun sukittamillemme viem\u00e4reille.\" \/>\n<meta name=\"robots\" content=\"index, follow, max-snippet:-1, max-image-preview:large, max-video-preview:-1\" \/>\n<link rel=\"canonical\" href=\"https:\/\/www.a-sukitus.fi\/?page_id=1124\" \/>\n<meta property=\"og:locale\" content=\"fi_FI\" \/>\n<meta property=\"og:type\" content=\"article\" \/>\n<meta property=\"og:title\" content=\"Referenssit - A-sukitus\" \/>\n<meta property=\"og:description\" content=\"Annamme 15 vuoden vuotamattomuustakuun sukittamillemme viem\u00e4reille.\" \/>\n<meta property=\"og:url\" content=\"https:\/\/www.a-sukitus.fi\/?page_id=1124\" \/>\n<meta property=\"og:site_name\" content=\"A-sukitus\" \/>\n<meta property=\"article:modified_time\" content=\"2025-03-14T12:38:51+00:00\" \/>\n<meta name=\"twitter:card\" content=\"summary_large_image\" \/>\n<meta name=\"twitter:label1\" content=\"Arvioitu lukuaika\" \/>\n\t<meta name=\"twitter:data1\" content=\"3 minuuttia\" \/>\n<script type=\"application\/ld+json\" class=\"yoast-schema-graph\">{\"@context\":\"https:\/\/schema.org\",\"@graph\":[{\"@type\":\"WebPage\",\"@id\":\"https:\/\/www.a-sukitus.fi\/?page_id=1124\",\"url\":\"https:\/\/www.a-sukitus.fi\/?page_id=1124\",\"name\":\"Referenssit - A-sukitus\",\"isPartOf\":{\"@id\":\"https:\/\/www.a-sukitus.fi\/#website\"},\"datePublished\":\"2020-02-05T11:04:28+00:00\",\"dateModified\":\"2025-03-14T12:38:51+00:00\",\"description\":\"Annamme 15 vuoden vuotamattomuustakuun sukittamillemme viem\u00e4reille.\",\"breadcrumb\":{\"@id\":\"https:\/\/www.a-sukitus.fi\/?page_id=1124#breadcrumb\"},\"inLanguage\":\"fi\",\"potentialAction\":[{\"@type\":\"ReadAction\",\"target\":[\"https:\/\/www.a-sukitus.fi\/?page_id=1124\"]}]},{\"@type\":\"BreadcrumbList\",\"@id\":\"https:\/\/www.a-sukitus.fi\/?page_id=1124#breadcrumb\",\"itemListElement\":[{\"@type\":\"ListItem\",\"position\":1,\"name\":\"Home\",\"item\":\"https:\/\/www.a-sukitus.fi\/\"},{\"@type\":\"ListItem\",\"position\":2,\"name\":\"Referenssit\"}]},{\"@type\":\"WebSite\",\"@id\":\"https:\/\/www.a-sukitus.fi\/#website\",\"url\":\"https:\/\/www.a-sukitus.fi\/\",\"name\":\"A-sukitus\",\"description\":\"viem&auml;reiden sukitus luotettavasti\",\"publisher\":{\"@id\":\"https:\/\/www.a-sukitus.fi\/#organization\"},\"potentialAction\":[{\"@type\":\"SearchAction\",\"target\":{\"@type\":\"EntryPoint\",\"urlTemplate\":\"https:\/\/www.a-sukitus.fi\/?s={search_term_string}\"},\"query-input\":{\"@type\":\"PropertyValueSpecification\",\"valueRequired\":true,\"valueName\":\"search_term_string\"}}],\"inLanguage\":\"fi\"},{\"@type\":\"Organization\",\"@id\":\"https:\/\/www.a-sukitus.fi\/#organization\",\"name\":\"A Sukitus Oy\",\"url\":\"https:\/\/www.a-sukitus.fi\/\",\"logo\":{\"@type\":\"ImageObject\",\"inLanguage\":\"fi\",\"@id\":\"https:\/\/www.a-sukitus.fi\/#\/schema\/logo\/image\/\",\"url\":\"https:\/\/www.a-sukitus.fi\/wp-content\/uploads\/2018\/08\/Logo_pysty_ilman_varjoa.png\",\"contentUrl\":\"https:\/\/www.a-sukitus.fi\/wp-content\/uploads\/2018\/08\/Logo_pysty_ilman_varjoa.png\",\"width\":443,\"height\":443,\"caption\":\"A Sukitus Oy\"},\"image\":{\"@id\":\"https:\/\/www.a-sukitus.fi\/#\/schema\/logo\/image\/\"}}]}<\/script>\n<!-- \/ Yoast SEO plugin. -->","yoast_head_json":{"title":"Referenssit - A-sukitus","description":"Annamme 15 vuoden vuotamattomuustakuun sukittamillemme viem\u00e4reille.","robots":{"index":"index","follow":"follow","max-snippet":"max-snippet:-1","max-image-preview":"max-image-preview:large","max-video-preview":"max-video-preview:-1"},"canonical":"https:\/\/www.a-sukitus.fi\/?page_id=1124","og_locale":"fi_FI","og_type":"article","og_title":"Referenssit - A-sukitus","og_description":"Annamme 15 vuoden vuotamattomuustakuun sukittamillemme viem\u00e4reille.","og_url":"https:\/\/www.a-sukitus.fi\/?page_id=1124","og_site_name":"A-sukitus","article_modified_time":"2025-03-14T12:38:51+00:00","twitter_card":"summary_large_image","twitter_misc":{"Arvioitu lukuaika":"3 minuuttia"},"schema":{"@context":"https:\/\/schema.org","@graph":[{"@type":"WebPage","@id":"https:\/\/www.a-sukitus.fi\/?page_id=1124","url":"https:\/\/www.a-sukitus.fi\/?page_id=1124","name":"Referenssit - A-sukitus","isPartOf":{"@id":"https:\/\/www.a-sukitus.fi\/#website"},"datePublished":"2020-02-05T11:04:28+00:00","dateModified":"2025-03-14T12:38:51+00:00","description":"Annamme 15 vuoden vuotamattomuustakuun sukittamillemme viem\u00e4reille.","breadcrumb":{"@id":"https:\/\/www.a-sukitus.fi\/?page_id=1124#breadcrumb"},"inLanguage":"fi","potentialAction":[{"@type":"ReadAction","target":["https:\/\/www.a-sukitus.fi\/?page_id=1124"]}]},{"@type":"BreadcrumbList","@id":"https:\/\/www.a-sukitus.fi\/?page_id=1124#breadcrumb","itemListElement":[{"@type":"ListItem","position":1,"name":"Home","item":"https:\/\/www.a-sukitus.fi\/"},{"@type":"ListItem","position":2,"name":"Referenssit"}]},{"@type":"WebSite","@id":"https:\/\/www.a-sukitus.fi\/#website","url":"https:\/\/www.a-sukitus.fi\/","name":"A-sukitus","description":"viem&auml;reiden sukitus luotettavasti","publisher":{"@id":"https:\/\/www.a-sukitus.fi\/#organization"},"potentialAction":[{"@type":"SearchAction","target":{"@type":"EntryPoint","urlTemplate":"https:\/\/www.a-sukitus.fi\/?s={search_term_string}"},"query-input":{"@type":"PropertyValueSpecification","valueRequired":true,"valueName":"search_term_string"}}],"inLanguage":"fi"},{"@type":"Organization","@id":"https:\/\/www.a-sukitus.fi\/#organization","name":"A Sukitus Oy","url":"https:\/\/www.a-sukitus.fi\/","logo":{"@type":"ImageObject","inLanguage":"fi","@id":"https:\/\/www.a-sukitus.fi\/#\/schema\/logo\/image\/","url":"https:\/\/www.a-sukitus.fi\/wp-content\/uploads\/2018\/08\/Logo_pysty_ilman_varjoa.png","contentUrl":"https:\/\/www.a-sukitus.fi\/wp-content\/uploads\/2018\/08\/Logo_pysty_ilman_varjoa.png","width":443,"height":443,"caption":"A Sukitus Oy"},"image":{"@id":"https:\/\/www.a-sukitus.fi\/#\/schema\/logo\/image\/"}}]}},"_links":{"self":[{"href":"https:\/\/www.a-sukitus.fi\/index.php?rest_route=\/wp\/v2\/pages\/1124","targetHints":{"allow":["GET"]}}],"collection":[{"href":"https:\/\/www.a-sukitus.fi\/index.php?rest_route=\/wp\/v2\/pages"}],"about":[{"href":"https:\/\/www.a-sukitus.fi\/index.php?rest_route=\/wp\/v2\/types\/page"}],"author":[{"embeddable":true,"href":"https:\/\/www.a-sukitus.fi\/index.php?rest_route=\/wp\/v2\/users\/3"}],"replies":[{"embeddable":true,"href":"https:\/\/www.a-sukitus.fi\/index.php?rest_route=%2Fwp%2Fv2%2Fcomments&post=1124"}],"version-history":[{"count":22,"href":"https:\/\/www.a-sukitus.fi\/index.php?rest_route=\/wp\/v2\/pages\/1124\/revisions"}],"predecessor-version":[{"id":1182,"href":"https:\/\/www.a-sukitus.fi\/index.php?rest_route=\/wp\/v2\/pages\/1124\/revisions\/1182"}],"wp:attachment":[{"href":"https:\/\/www.a-sukitus.fi\/index.php?rest_route=%2Fwp%2Fv2%2Fmedia&parent=1124"}],"curies":[{"name":"wp","href":"https:\/\/api.w.org\/{rel}","templated":true}]}}