{"id":1156,"date":"2020-12-03T07:52:56","date_gmt":"2020-12-03T07:52:56","guid":{"rendered":"https:\/\/www.a-sukitus.fi\/?page_id=1156"},"modified":"2020-12-03T07:52:57","modified_gmt":"2020-12-03T07:52:57","slug":"rekrytointi","status":"publish","type":"page","link":"https:\/\/www.a-sukitus.fi\/?page_id=1156","title":{"rendered":"Rekrytointi"},"content":{"rendered":"\n<h2 class=\"wp-block-heading\">T\u00f6it\u00e4 tarjolla!<\/h2>\n\n\n\n<div style=\"height:20px\" aria-hidden=\"true\" class=\"wp-block-spacer\"><\/div>\n\n\n\n<p>A Sukitus Oy on kasvava viem\u00e4reiden sis\u00e4puolisiin saneerauksiin erikoistunut yritys, joka hakee joukkoonsa lis\u00e4\u00e4 sukitusalan ammattilaisia. Jos sinulla on kokemusta sukitusalalta, olet kykenev\u00e4inen itsen\u00e4iseen ty\u00f6skentelyyn ja valmis tekem\u00e4\u00e4n reissuhommia, ota meihin yhteytt\u00e4. Tarjoamme hyv\u00e4n palkan, parhaan porukan ja pitk\u00e4n \/ jatkuvan ty\u00f6suhteen alan parhaassa A-ryhm\u00e4ss\u00e4!<\/p>\n\n\n\n<p><strong>Yhteydenotot:<\/strong><br>Miikka Niiranen 050 4136 437 \/ <a href=\"mai&#108;&#116;&#111;&#58;&#x6d;&#x69;&#x69;&#x6b;&#x6b;&#x61;&#x2e;nii&#114;&#97;&#110;&#101;&#110;&#x40;&#x61;&#x2d;&#x73;&#x75;&#x6b;itus&#46;&#102;&#105;\" rel=\"nofollow\">&#109;&#x69;i&#107;&#x6b;a&#x2e;&#x6e;&#105;&#x69;r&#97;&#x6e;e&#110;&#x40;&#97;&#x2d;s&#117;&#x6b;i&#116;&#x75;&#115;&#x2e;&#x66;&#105;<\/a><\/p>\n","protected":false},"excerpt":{"rendered":"<p>T\u00f6it\u00e4 tarjolla! A Sukitus Oy on kasvava viem\u00e4reiden sis\u00e4puolisiin saneerauksiin erikoistunut yritys, joka hakee joukkoonsa&#8230;<\/p>\n","protected":false},"author":3,"featured_media":0,"parent":0,"menu_order":0,"comment_status":"closed","ping_status":"closed","template":"","meta":{"footnotes":""},"class_list":["post-1156","page","type-page","status-publish"],"yoast_head":"<!-- This site is optimized with the Yoast SEO plugin v24.9 - https:\/\/yoast.com\/wordpress\/plugins\/seo\/ -->\n<title>Rekrytointi - A-sukitus<\/title>\n<meta name=\"description\" content=\"Annamme 15 vuoden vuotamattomuustakuun sukittamillemme viem\u00e4reille.\" \/>\n<meta name=\"robots\" content=\"index, follow, max-snippet:-1, max-image-preview:large, max-video-preview:-1\" \/>\n<link rel=\"canonical\" href=\"https:\/\/www.a-sukitus.fi\/?page_id=1156\" \/>\n<meta property=\"og:locale\" content=\"fi_FI\" \/>\n<meta property=\"og:type\" content=\"article\" \/>\n<meta property=\"og:title\" content=\"Rekrytointi - A-sukitus\" \/>\n<meta property=\"og:description\" content=\"Annamme 15 vuoden vuotamattomuustakuun sukittamillemme viem\u00e4reille.\" \/>\n<meta property=\"og:url\" content=\"https:\/\/www.a-sukitus.fi\/?page_id=1156\" \/>\n<meta property=\"og:site_name\" content=\"A-sukitus\" \/>\n<meta property=\"article:modified_time\" content=\"2020-12-03T07:52:57+00:00\" \/>\n<meta name=\"twitter:card\" content=\"summary_large_image\" \/>\n<script type=\"application\/ld+json\" class=\"yoast-schema-graph\">{\"@context\":\"https:\/\/schema.org\",\"@graph\":[{\"@type\":\"WebPage\",\"@id\":\"https:\/\/www.a-sukitus.fi\/?page_id=1156\",\"url\":\"https:\/\/www.a-sukitus.fi\/?page_id=1156\",\"name\":\"Rekrytointi - A-sukitus\",\"isPartOf\":{\"@id\":\"https:\/\/www.a-sukitus.fi\/#website\"},\"datePublished\":\"2020-12-03T07:52:56+00:00\",\"dateModified\":\"2020-12-03T07:52:57+00:00\",\"description\":\"Annamme 15 vuoden vuotamattomuustakuun sukittamillemme viem\u00e4reille.\",\"breadcrumb\":{\"@id\":\"https:\/\/www.a-sukitus.fi\/?page_id=1156#breadcrumb\"},\"inLanguage\":\"fi\",\"potentialAction\":[{\"@type\":\"ReadAction\",\"target\":[\"https:\/\/www.a-sukitus.fi\/?page_id=1156\"]}]},{\"@type\":\"BreadcrumbList\",\"@id\":\"https:\/\/www.a-sukitus.fi\/?page_id=1156#breadcrumb\",\"itemListElement\":[{\"@type\":\"ListItem\",\"position\":1,\"name\":\"Home\",\"item\":\"https:\/\/www.a-sukitus.fi\/\"},{\"@type\":\"ListItem\",\"position\":2,\"name\":\"Rekrytointi\"}]},{\"@type\":\"WebSite\",\"@id\":\"https:\/\/www.a-sukitus.fi\/#website\",\"url\":\"https:\/\/www.a-sukitus.fi\/\",\"name\":\"A-sukitus\",\"description\":\"viem&auml;reiden sukitus luotettavasti\",\"publisher\":{\"@id\":\"https:\/\/www.a-sukitus.fi\/#organization\"},\"potentialAction\":[{\"@type\":\"SearchAction\",\"target\":{\"@type\":\"EntryPoint\",\"urlTemplate\":\"https:\/\/www.a-sukitus.fi\/?s={search_term_string}\"},\"query-input\":{\"@type\":\"PropertyValueSpecification\",\"valueRequired\":true,\"valueName\":\"search_term_string\"}}],\"inLanguage\":\"fi\"},{\"@type\":\"Organization\",\"@id\":\"https:\/\/www.a-sukitus.fi\/#organization\",\"name\":\"A Sukitus Oy\",\"url\":\"https:\/\/www.a-sukitus.fi\/\",\"logo\":{\"@type\":\"ImageObject\",\"inLanguage\":\"fi\",\"@id\":\"https:\/\/www.a-sukitus.fi\/#\/schema\/logo\/image\/\",\"url\":\"https:\/\/www.a-sukitus.fi\/wp-content\/uploads\/2018\/08\/Logo_pysty_ilman_varjoa.png\",\"contentUrl\":\"https:\/\/www.a-sukitus.fi\/wp-content\/uploads\/2018\/08\/Logo_pysty_ilman_varjoa.png\",\"width\":443,\"height\":443,\"caption\":\"A Sukitus Oy\"},\"image\":{\"@id\":\"https:\/\/www.a-sukitus.fi\/#\/schema\/logo\/image\/\"}}]}<\/script>\n<!-- \/ Yoast SEO plugin. -->","yoast_head_json":{"title":"Rekrytointi - A-sukitus","description":"Annamme 15 vuoden vuotamattomuustakuun sukittamillemme viem\u00e4reille.","robots":{"index":"index","follow":"follow","max-snippet":"max-snippet:-1","max-image-preview":"max-image-preview:large","max-video-preview":"max-video-preview:-1"},"canonical":"https:\/\/www.a-sukitus.fi\/?page_id=1156","og_locale":"fi_FI","og_type":"article","og_title":"Rekrytointi - A-sukitus","og_description":"Annamme 15 vuoden vuotamattomuustakuun sukittamillemme viem\u00e4reille.","og_url":"https:\/\/www.a-sukitus.fi\/?page_id=1156","og_site_name":"A-sukitus","article_modified_time":"2020-12-03T07:52:57+00:00","twitter_card":"summary_large_image","schema":{"@context":"https:\/\/schema.org","@graph":[{"@type":"WebPage","@id":"https:\/\/www.a-sukitus.fi\/?page_id=1156","url":"https:\/\/www.a-sukitus.fi\/?page_id=1156","name":"Rekrytointi - A-sukitus","isPartOf":{"@id":"https:\/\/www.a-sukitus.fi\/#website"},"datePublished":"2020-12-03T07:52:56+00:00","dateModified":"2020-12-03T07:52:57+00:00","description":"Annamme 15 vuoden vuotamattomuustakuun sukittamillemme viem\u00e4reille.","breadcrumb":{"@id":"https:\/\/www.a-sukitus.fi\/?page_id=1156#breadcrumb"},"inLanguage":"fi","potentialAction":[{"@type":"ReadAction","target":["https:\/\/www.a-sukitus.fi\/?page_id=1156"]}]},{"@type":"BreadcrumbList","@id":"https:\/\/www.a-sukitus.fi\/?page_id=1156#breadcrumb","itemListElement":[{"@type":"ListItem","position":1,"name":"Home","item":"https:\/\/www.a-sukitus.fi\/"},{"@type":"ListItem","position":2,"name":"Rekrytointi"}]},{"@type":"WebSite","@id":"https:\/\/www.a-sukitus.fi\/#website","url":"https:\/\/www.a-sukitus.fi\/","name":"A-sukitus","description":"viem&auml;reiden sukitus luotettavasti","publisher":{"@id":"https:\/\/www.a-sukitus.fi\/#organization"},"potentialAction":[{"@type":"SearchAction","target":{"@type":"EntryPoint","urlTemplate":"https:\/\/www.a-sukitus.fi\/?s={search_term_string}"},"query-input":{"@type":"PropertyValueSpecification","valueRequired":true,"valueName":"search_term_string"}}],"inLanguage":"fi"},{"@type":"Organization","@id":"https:\/\/www.a-sukitus.fi\/#organization","name":"A Sukitus Oy","url":"https:\/\/www.a-sukitus.fi\/","logo":{"@type":"ImageObject","inLanguage":"fi","@id":"https:\/\/www.a-sukitus.fi\/#\/schema\/logo\/image\/","url":"https:\/\/www.a-sukitus.fi\/wp-content\/uploads\/2018\/08\/Logo_pysty_ilman_varjoa.png","contentUrl":"https:\/\/www.a-sukitus.fi\/wp-content\/uploads\/2018\/08\/Logo_pysty_ilman_varjoa.png","width":443,"height":443,"caption":"A Sukitus Oy"},"image":{"@id":"https:\/\/www.a-sukitus.fi\/#\/schema\/logo\/image\/"}}]}},"_links":{"self":[{"href":"https:\/\/www.a-sukitus.fi\/index.php?rest_route=\/wp\/v2\/pages\/1156","targetHints":{"allow":["GET"]}}],"collection":[{"href":"https:\/\/www.a-sukitus.fi\/index.php?rest_route=\/wp\/v2\/pages"}],"about":[{"href":"https:\/\/www.a-sukitus.fi\/index.php?rest_route=\/wp\/v2\/types\/page"}],"author":[{"embeddable":true,"href":"https:\/\/www.a-sukitus.fi\/index.php?rest_route=\/wp\/v2\/users\/3"}],"replies":[{"embeddable":true,"href":"https:\/\/www.a-sukitus.fi\/index.php?rest_route=%2Fwp%2Fv2%2Fcomments&post=1156"}],"version-history":[{"count":5,"href":"https:\/\/www.a-sukitus.fi\/index.php?rest_route=\/wp\/v2\/pages\/1156\/revisions"}],"predecessor-version":[{"id":1161,"href":"https:\/\/www.a-sukitus.fi\/index.php?rest_route=\/wp\/v2\/pages\/1156\/revisions\/1161"}],"wp:attachment":[{"href":"https:\/\/www.a-sukitus.fi\/index.php?rest_route=%2Fwp%2Fv2%2Fmedia&parent=1156"}],"curies":[{"name":"wp","href":"https:\/\/api.w.org\/{rel}","templated":true}]}}